{"id":3056,"date":"2026-03-03T14:59:40","date_gmt":"2026-03-03T14:59:40","guid":{"rendered":"https:\/\/plazatorosmallorca.com\/date-de-livraison-et-frais-des-billets\/"},"modified":"2026-03-10T10:15:23","modified_gmt":"2026-03-10T10:15:23","slug":"date-de-livraison-et-frais-des-billets","status":"publish","type":"page","link":"https:\/\/plazatorosmallorca.com\/fr\/date-de-livraison-et-frais-des-billets\/","title":{"rendered":"Date de livraison et frais des billets"},"content":{"rendered":"<section class=\"l-section wpb_row height_medium\"><div class=\"l-section-h i-cf\"><div class=\"g-cols vc_row via_grid cols_1 laptops-cols_inherit tablets-cols_inherit mobiles-cols_1 valign_top type_default stacking_default\"><div class=\"wpb_column vc_column_container\"><div class=\"vc_column-inner\"><div class=\"wpb_text_column\"><div class=\"wpb_wrapper\"><div class=\"wpb_text_column\">\n<div class=\"wpb_wrapper\">\n<h3>Date de livraison :<\/h3>\n<p>Les billets seront envoy\u00e9s au format PDF \u00e0 l&rsquo;adresse e-mail 1 semaine avant la tenue de l&rsquo;\u00e9v\u00e9nement. Nous vous recommandons de v\u00e9rifier le dossier de courriers ind\u00e9sirables de votre bo\u00eete e-mail. <\/p>\n<h3>Commissions de vente<\/h3>\n<p>Les billets incluent une commission de vente de 10 % qui est ajout\u00e9e sur la page de paiement.<\/p>\n<h3>Remboursements<\/h3>\n<div>\n<div>L&rsquo;admission \u00e0 l&rsquo;ar\u00e8ne et, le cas \u00e9ch\u00e9ant, le remboursement de son montant conform\u00e9ment \u00e0 la l\u00e9gislation en vigueur (Art. 70 RTA) sont subordonn\u00e9s \u00e0 la possession du billet officiel, complet, intact et non manipul\u00e9. <\/div>\n<\/div>\n<div><\/div>\n<div>\n<div>Le d\u00e9lai de remboursement du montant commencera d\u00e8s l&rsquo;annonce de la suspension, du report ou de la modification et se terminera 4 jours apr\u00e8s la date fix\u00e9e pour la tenue du spectacle ou 1 heure avant le d\u00e9but de celui-ci en cas de modification (Art. 70 RTA).<\/div>\n<div><\/div>\n<div>Si le spectacle \u00e9tait suspendu pour des raisons non imputables \u00e0 l&rsquo;entreprise ou en raison de mauvaises conditions m\u00e9t\u00e9orologiques, une fois le premier taureau entr\u00e9 dans l&rsquo;ar\u00e8ne, le spectateur n&rsquo;aura droit \u00e0 aucun remboursement (Art. 70 RTA).<\/div>\n<\/div>\n<\/div>\n<\/div>\n<div class=\"g-cols wpb_row via_grid cols_1 laptops-cols_inherit tablets-cols_inherit mobiles-cols_1 valign_top type_default stacking_default\">\n<div class=\"wpb_column vc_column_container\">\n<div class=\"vc_column-inner\"><\/div>\n<\/div>\n<\/div>\n<\/div><\/div><div class=\"w-separator size_medium\"><\/div><div class=\"w-btn-wrapper align_none\"><a class=\"w-btn us-btn-style_1\" href=\"https:\/\/plazatorosmallorca.com\/fr\/\"><span class=\"w-btn-label\">Retour \u00e0 l&#039;accueil<\/span><\/a><\/div><\/div><\/div><\/div><\/div><\/section>\n","protected":false},"excerpt":{"rendered":"Date de livraison : Les billets seront envoy\u00e9s au format PDF \u00e0 l&rsquo;adresse e-mail 1 semaine avant la tenue de l&rsquo;\u00e9v\u00e9nement. Nous vous recommandons de v\u00e9rifier le dossier de courriers ind\u00e9sirables de votre bo\u00eete e-mail. Commissions de vente Les billets incluent une commission de vente de 10 % qui est ajout\u00e9e sur la page de...","protected":false},"author":3,"featured_media":0,"parent":0,"menu_order":0,"comment_status":"closed","ping_status":"closed","template":"","meta":{"footnotes":""},"class_list":["post-3056","page","type-page","status-publish","hentry"],"yoast_head":"<!-- This site is optimized with the Yoast SEO plugin v27.3 - https:\/\/yoast.com\/product\/yoast-seo-wordpress\/ -->\n<title>Date de livraison et frais des billets | Toros Mallorca<\/title>\n<meta name=\"description\" content=\"Consultez les dates de livraison des billets pour les corridas de Majorque ainsi que les commissions incluses dans le prix du billet.\" \/>\n<meta name=\"robots\" content=\"index, follow, max-snippet:-1, max-image-preview:large, max-video-preview:-1\" \/>\n<link rel=\"canonical\" href=\"https:\/\/plazatorosmallorca.com\/fr\/date-de-livraison-et-frais-des-billets\/\" \/>\n<meta property=\"og:locale\" content=\"fr_FR\" \/>\n<meta property=\"og:type\" content=\"article\" \/>\n<meta property=\"og:title\" content=\"Date de livraison et frais des billets | Toros Mallorca\" \/>\n<meta property=\"og:description\" content=\"Consultez les dates de livraison des billets pour les corridas de Majorque ainsi que les commissions incluses dans le prix du billet.\" \/>\n<meta property=\"og:url\" content=\"https:\/\/plazatorosmallorca.com\/fr\/date-de-livraison-et-frais-des-billets\/\" \/>\n<meta property=\"og:site_name\" content=\"Plaza Toros Mallorca\" \/>\n<meta property=\"article:modified_time\" content=\"2026-03-10T10:15:23+00:00\" \/>\n<meta name=\"twitter:card\" content=\"summary_large_image\" \/>\n<meta name=\"twitter:label1\" content=\"Dur\u00e9e de lecture estim\u00e9e\" \/>\n\t<meta name=\"twitter:data1\" content=\"1 minute\" \/>\n<script type=\"application\/ld+json\" class=\"yoast-schema-graph\">{\"@context\":\"https:\\\/\\\/schema.org\",\"@graph\":[{\"@type\":\"WebPage\",\"@id\":\"https:\\\/\\\/plazatorosmallorca.com\\\/fr\\\/date-de-livraison-et-frais-des-billets\\\/\",\"url\":\"https:\\\/\\\/plazatorosmallorca.com\\\/fr\\\/date-de-livraison-et-frais-des-billets\\\/\",\"name\":\"Date de livraison et frais des billets | Toros Mallorca\",\"isPartOf\":{\"@id\":\"https:\\\/\\\/plazatorosmallorca.com\\\/fr\\\/#website\"},\"datePublished\":\"2026-03-03T14:59:40+00:00\",\"dateModified\":\"2026-03-10T10:15:23+00:00\",\"description\":\"Consultez les dates de livraison des billets pour les corridas de Majorque ainsi que les commissions incluses dans le prix du billet.\",\"breadcrumb\":{\"@id\":\"https:\\\/\\\/plazatorosmallorca.com\\\/fr\\\/date-de-livraison-et-frais-des-billets\\\/#breadcrumb\"},\"inLanguage\":\"fr-FR\",\"potentialAction\":[{\"@type\":\"ReadAction\",\"target\":[\"https:\\\/\\\/plazatorosmallorca.com\\\/fr\\\/date-de-livraison-et-frais-des-billets\\\/\"]}]},{\"@type\":\"BreadcrumbList\",\"@id\":\"https:\\\/\\\/plazatorosmallorca.com\\\/fr\\\/date-de-livraison-et-frais-des-billets\\\/#breadcrumb\",\"itemListElement\":[{\"@type\":\"ListItem\",\"position\":1,\"name\":\"Portada\",\"item\":\"https:\\\/\\\/plazatorosmallorca.com\\\/fr\\\/\"},{\"@type\":\"ListItem\",\"position\":2,\"name\":\"Date de livraison et frais des billets\"}]},{\"@type\":\"WebSite\",\"@id\":\"https:\\\/\\\/plazatorosmallorca.com\\\/fr\\\/#website\",\"url\":\"https:\\\/\\\/plazatorosmallorca.com\\\/fr\\\/\",\"name\":\"Plaza Toros Mallorca\",\"description\":\"Portal de venta de entradas Plazas de toros de Mallorca\",\"potentialAction\":[{\"@type\":\"SearchAction\",\"target\":{\"@type\":\"EntryPoint\",\"urlTemplate\":\"https:\\\/\\\/plazatorosmallorca.com\\\/fr\\\/?s={search_term_string}\"},\"query-input\":{\"@type\":\"PropertyValueSpecification\",\"valueRequired\":true,\"valueName\":\"search_term_string\"}}],\"inLanguage\":\"fr-FR\"}]}<\/script>\n<!-- \/ Yoast SEO plugin. -->","yoast_head_json":{"title":"Date de livraison et frais des billets | Toros Mallorca","description":"Consultez les dates de livraison des billets pour les corridas de Majorque ainsi que les commissions incluses dans le prix du billet.","robots":{"index":"index","follow":"follow","max-snippet":"max-snippet:-1","max-image-preview":"max-image-preview:large","max-video-preview":"max-video-preview:-1"},"canonical":"https:\/\/plazatorosmallorca.com\/fr\/date-de-livraison-et-frais-des-billets\/","og_locale":"fr_FR","og_type":"article","og_title":"Date de livraison et frais des billets | Toros Mallorca","og_description":"Consultez les dates de livraison des billets pour les corridas de Majorque ainsi que les commissions incluses dans le prix du billet.","og_url":"https:\/\/plazatorosmallorca.com\/fr\/date-de-livraison-et-frais-des-billets\/","og_site_name":"Plaza Toros Mallorca","article_modified_time":"2026-03-10T10:15:23+00:00","twitter_card":"summary_large_image","twitter_misc":{"Dur\u00e9e de lecture estim\u00e9e":"1 minute"},"schema":{"@context":"https:\/\/schema.org","@graph":[{"@type":"WebPage","@id":"https:\/\/plazatorosmallorca.com\/fr\/date-de-livraison-et-frais-des-billets\/","url":"https:\/\/plazatorosmallorca.com\/fr\/date-de-livraison-et-frais-des-billets\/","name":"Date de livraison et frais des billets | Toros Mallorca","isPartOf":{"@id":"https:\/\/plazatorosmallorca.com\/fr\/#website"},"datePublished":"2026-03-03T14:59:40+00:00","dateModified":"2026-03-10T10:15:23+00:00","description":"Consultez les dates de livraison des billets pour les corridas de Majorque ainsi que les commissions incluses dans le prix du billet.","breadcrumb":{"@id":"https:\/\/plazatorosmallorca.com\/fr\/date-de-livraison-et-frais-des-billets\/#breadcrumb"},"inLanguage":"fr-FR","potentialAction":[{"@type":"ReadAction","target":["https:\/\/plazatorosmallorca.com\/fr\/date-de-livraison-et-frais-des-billets\/"]}]},{"@type":"BreadcrumbList","@id":"https:\/\/plazatorosmallorca.com\/fr\/date-de-livraison-et-frais-des-billets\/#breadcrumb","itemListElement":[{"@type":"ListItem","position":1,"name":"Portada","item":"https:\/\/plazatorosmallorca.com\/fr\/"},{"@type":"ListItem","position":2,"name":"Date de livraison et frais des billets"}]},{"@type":"WebSite","@id":"https:\/\/plazatorosmallorca.com\/fr\/#website","url":"https:\/\/plazatorosmallorca.com\/fr\/","name":"Plaza Toros Mallorca","description":"Portal de venta de entradas Plazas de toros de Mallorca","potentialAction":[{"@type":"SearchAction","target":{"@type":"EntryPoint","urlTemplate":"https:\/\/plazatorosmallorca.com\/fr\/?s={search_term_string}"},"query-input":{"@type":"PropertyValueSpecification","valueRequired":true,"valueName":"search_term_string"}}],"inLanguage":"fr-FR"}]}},"_links":{"self":[{"href":"https:\/\/plazatorosmallorca.com\/fr\/wp-json\/wp\/v2\/pages\/3056","targetHints":{"allow":["GET"]}}],"collection":[{"href":"https:\/\/plazatorosmallorca.com\/fr\/wp-json\/wp\/v2\/pages"}],"about":[{"href":"https:\/\/plazatorosmallorca.com\/fr\/wp-json\/wp\/v2\/types\/page"}],"author":[{"embeddable":true,"href":"https:\/\/plazatorosmallorca.com\/fr\/wp-json\/wp\/v2\/users\/3"}],"replies":[{"embeddable":true,"href":"https:\/\/plazatorosmallorca.com\/fr\/wp-json\/wp\/v2\/comments?post=3056"}],"version-history":[{"count":1,"href":"https:\/\/plazatorosmallorca.com\/fr\/wp-json\/wp\/v2\/pages\/3056\/revisions"}],"predecessor-version":[{"id":3059,"href":"https:\/\/plazatorosmallorca.com\/fr\/wp-json\/wp\/v2\/pages\/3056\/revisions\/3059"}],"wp:attachment":[{"href":"https:\/\/plazatorosmallorca.com\/fr\/wp-json\/wp\/v2\/media?parent=3056"}],"curies":[{"name":"wp","href":"https:\/\/api.w.org\/{rel}","templated":true}]}}