{"id":3379,"date":"2026-03-03T14:59:40","date_gmt":"2026-03-03T14:59:40","guid":{"rendered":"https:\/\/plazatorosmallorca.com\/liefertermin-und-ticketgebuehren\/"},"modified":"2026-03-10T10:30:10","modified_gmt":"2026-03-10T10:30:10","slug":"liefertermin-und-ticketgebuehren","status":"publish","type":"page","link":"https:\/\/plazatorosmallorca.com\/de\/liefertermin-und-ticketgebuehren\/","title":{"rendered":"Liefertermin und Ticketgeb\u00fchren"},"content":{"rendered":"<section class=\"l-section wpb_row height_medium\"><div class=\"l-section-h i-cf\"><div class=\"g-cols vc_row via_grid cols_1 laptops-cols_inherit tablets-cols_inherit mobiles-cols_1 valign_top type_default stacking_default\"><div class=\"wpb_column vc_column_container\"><div class=\"vc_column-inner\"><div class=\"wpb_text_column\"><div class=\"wpb_wrapper\"><div class=\"wpb_text_column\">\n<div class=\"wpb_wrapper\">\n<h3>Liefertermin:<\/h3>\n<p>Die Tickets werden 1 Woche vor der Veranstaltung im PDF-Format per E-Mail versendet. Wir empfehlen, den Spam-Ordner deines E-Mail-Kontos zu pr\u00fcfen. <\/p>\n<h3>Verkaufsgeb\u00fchren<\/h3>\n<p>Die Tickets beinhalten eine Verkaufsgeb\u00fchr von 10 %, die auf der Zahlungsseite hinzugef\u00fcgt wird.<\/p>\n<h3>R\u00fcckerstattungen<\/h3>\n<div>\n<div>Der Zutritt zum Platz und gegebenenfalls die R\u00fcckerstattung des Betrags gem\u00e4\u00df der geltenden Gesetzgebung (Art. 70 RTA) ist an den Besitz des offiziellen, vollst\u00e4ndigen, unversehrten und unver\u00e4nderten Tickets gebunden. <\/div>\n<\/div>\n<div><\/div>\n<div>\n<div>Die Frist f\u00fcr die R\u00fcckerstattung des Betrags beginnt ab dem Zeitpunkt der Ank\u00fcndigung der Aussetzung, Verschiebung oder \u00c4nderung und endet 4 Tage nach dem f\u00fcr die Veranstaltung festgelegten Datum oder 1 Stunde vor Beginn derselben im Falle einer \u00c4nderung (Art. 70 RTA).<\/div>\n<div><\/div>\n<div>Wird die Veranstaltung aus Gr\u00fcnden, die nicht dem Unternehmen zuzuschreiben sind, oder wegen schlechten Wetters abgesagt, nachdem das erste Tier die Arena betreten hat, hat der Zuschauer keinen Anspruch auf R\u00fcckerstattung (Art. 70 RTA).<\/div>\n<\/div>\n<\/div>\n<\/div>\n<div class=\"g-cols wpb_row via_grid cols_1 laptops-cols_inherit tablets-cols_inherit mobiles-cols_1 valign_top type_default stacking_default\">\n<div class=\"wpb_column vc_column_container\">\n<div class=\"vc_column-inner\"><\/div>\n<\/div>\n<\/div>\n<\/div><\/div><div class=\"w-separator size_medium\"><\/div><div class=\"w-btn-wrapper align_none\"><a class=\"w-btn us-btn-style_1\" href=\"https:\/\/plazatorosmallorca.com\/de\/\"><span class=\"w-btn-label\">Zur\u00fcck zum Anfang<\/span><\/a><\/div><\/div><\/div><\/div><\/div><\/section>\n","protected":false},"excerpt":{"rendered":"Liefertermin: Die Tickets werden 1 Woche vor der Veranstaltung im PDF-Format per E-Mail versendet. Wir empfehlen, den Spam-Ordner deines E-Mail-Kontos zu pr\u00fcfen. Verkaufsgeb\u00fchren Die Tickets beinhalten eine Verkaufsgeb\u00fchr von 10 %, die auf der Zahlungsseite hinzugef\u00fcgt wird. R\u00fcckerstattungen Der Zutritt zum Platz und gegebenenfalls die R\u00fcckerstattung des Betrags gem\u00e4\u00df der geltenden Gesetzgebung (Art. 70 RTA)...","protected":false},"author":3,"featured_media":0,"parent":0,"menu_order":0,"comment_status":"closed","ping_status":"closed","template":"","meta":{"footnotes":""},"class_list":["post-3379","page","type-page","status-publish","hentry"],"yoast_head":"<!-- This site is optimized with the Yoast SEO plugin v27.3 - https:\/\/yoast.com\/product\/yoast-seo-wordpress\/ -->\n<title>Liefertermin und Ticketgeb\u00fchren | Toros Mallorca<\/title>\n<meta name=\"description\" content=\"Informiere dich \u00fcber die Liefertermine der Tickets f\u00fcr die Stierk\u00e4mpfe auf Mallorca sowie die im Ticket enthaltenen Geb\u00fchren\" \/>\n<meta name=\"robots\" content=\"index, follow, max-snippet:-1, max-image-preview:large, max-video-preview:-1\" \/>\n<link rel=\"canonical\" href=\"https:\/\/plazatorosmallorca.com\/de\/liefertermin-und-ticketgebuehren\/\" \/>\n<meta property=\"og:locale\" content=\"de_DE\" \/>\n<meta property=\"og:type\" content=\"article\" \/>\n<meta property=\"og:title\" content=\"Liefertermin und Ticketgeb\u00fchren | Toros Mallorca\" \/>\n<meta property=\"og:description\" content=\"Informiere dich \u00fcber die Liefertermine der Tickets f\u00fcr die Stierk\u00e4mpfe auf Mallorca sowie die im Ticket enthaltenen Geb\u00fchren\" \/>\n<meta property=\"og:url\" content=\"https:\/\/plazatorosmallorca.com\/de\/liefertermin-und-ticketgebuehren\/\" \/>\n<meta property=\"og:site_name\" content=\"Plaza Toros Mallorca\" \/>\n<meta property=\"article:modified_time\" content=\"2026-03-10T10:30:10+00:00\" \/>\n<meta name=\"twitter:card\" content=\"summary_large_image\" \/>\n<meta name=\"twitter:label1\" content=\"Gesch\u00e4tzte Lesezeit\" \/>\n\t<meta name=\"twitter:data1\" content=\"1\u00a0Minute\" \/>\n<script type=\"application\/ld+json\" class=\"yoast-schema-graph\">{\"@context\":\"https:\\\/\\\/schema.org\",\"@graph\":[{\"@type\":\"WebPage\",\"@id\":\"https:\\\/\\\/plazatorosmallorca.com\\\/de\\\/liefertermin-und-ticketgebuehren\\\/\",\"url\":\"https:\\\/\\\/plazatorosmallorca.com\\\/de\\\/liefertermin-und-ticketgebuehren\\\/\",\"name\":\"Liefertermin und Ticketgeb\u00fchren | Toros Mallorca\",\"isPartOf\":{\"@id\":\"https:\\\/\\\/plazatorosmallorca.com\\\/de\\\/#website\"},\"datePublished\":\"2026-03-03T14:59:40+00:00\",\"dateModified\":\"2026-03-10T10:30:10+00:00\",\"description\":\"Informiere dich \u00fcber die Liefertermine der Tickets f\u00fcr die Stierk\u00e4mpfe auf Mallorca sowie die im Ticket enthaltenen Geb\u00fchren\",\"breadcrumb\":{\"@id\":\"https:\\\/\\\/plazatorosmallorca.com\\\/de\\\/liefertermin-und-ticketgebuehren\\\/#breadcrumb\"},\"inLanguage\":\"de\",\"potentialAction\":[{\"@type\":\"ReadAction\",\"target\":[\"https:\\\/\\\/plazatorosmallorca.com\\\/de\\\/liefertermin-und-ticketgebuehren\\\/\"]}]},{\"@type\":\"BreadcrumbList\",\"@id\":\"https:\\\/\\\/plazatorosmallorca.com\\\/de\\\/liefertermin-und-ticketgebuehren\\\/#breadcrumb\",\"itemListElement\":[{\"@type\":\"ListItem\",\"position\":1,\"name\":\"Portada\",\"item\":\"https:\\\/\\\/plazatorosmallorca.com\\\/de\\\/\"},{\"@type\":\"ListItem\",\"position\":2,\"name\":\"Liefertermin und Ticketgeb\u00fchren\"}]},{\"@type\":\"WebSite\",\"@id\":\"https:\\\/\\\/plazatorosmallorca.com\\\/de\\\/#website\",\"url\":\"https:\\\/\\\/plazatorosmallorca.com\\\/de\\\/\",\"name\":\"Plaza Toros Mallorca\",\"description\":\"Portal de venta de entradas Plazas de toros de Mallorca\",\"potentialAction\":[{\"@type\":\"SearchAction\",\"target\":{\"@type\":\"EntryPoint\",\"urlTemplate\":\"https:\\\/\\\/plazatorosmallorca.com\\\/de\\\/?s={search_term_string}\"},\"query-input\":{\"@type\":\"PropertyValueSpecification\",\"valueRequired\":true,\"valueName\":\"search_term_string\"}}],\"inLanguage\":\"de\"}]}<\/script>\n<!-- \/ Yoast SEO plugin. -->","yoast_head_json":{"title":"Liefertermin und Ticketgeb\u00fchren | Toros Mallorca","description":"Informiere dich \u00fcber die Liefertermine der Tickets f\u00fcr die Stierk\u00e4mpfe auf Mallorca sowie die im Ticket enthaltenen Geb\u00fchren","robots":{"index":"index","follow":"follow","max-snippet":"max-snippet:-1","max-image-preview":"max-image-preview:large","max-video-preview":"max-video-preview:-1"},"canonical":"https:\/\/plazatorosmallorca.com\/de\/liefertermin-und-ticketgebuehren\/","og_locale":"de_DE","og_type":"article","og_title":"Liefertermin und Ticketgeb\u00fchren | Toros Mallorca","og_description":"Informiere dich \u00fcber die Liefertermine der Tickets f\u00fcr die Stierk\u00e4mpfe auf Mallorca sowie die im Ticket enthaltenen Geb\u00fchren","og_url":"https:\/\/plazatorosmallorca.com\/de\/liefertermin-und-ticketgebuehren\/","og_site_name":"Plaza Toros Mallorca","article_modified_time":"2026-03-10T10:30:10+00:00","twitter_card":"summary_large_image","twitter_misc":{"Gesch\u00e4tzte Lesezeit":"1\u00a0Minute"},"schema":{"@context":"https:\/\/schema.org","@graph":[{"@type":"WebPage","@id":"https:\/\/plazatorosmallorca.com\/de\/liefertermin-und-ticketgebuehren\/","url":"https:\/\/plazatorosmallorca.com\/de\/liefertermin-und-ticketgebuehren\/","name":"Liefertermin und Ticketgeb\u00fchren | Toros Mallorca","isPartOf":{"@id":"https:\/\/plazatorosmallorca.com\/de\/#website"},"datePublished":"2026-03-03T14:59:40+00:00","dateModified":"2026-03-10T10:30:10+00:00","description":"Informiere dich \u00fcber die Liefertermine der Tickets f\u00fcr die Stierk\u00e4mpfe auf Mallorca sowie die im Ticket enthaltenen Geb\u00fchren","breadcrumb":{"@id":"https:\/\/plazatorosmallorca.com\/de\/liefertermin-und-ticketgebuehren\/#breadcrumb"},"inLanguage":"de","potentialAction":[{"@type":"ReadAction","target":["https:\/\/plazatorosmallorca.com\/de\/liefertermin-und-ticketgebuehren\/"]}]},{"@type":"BreadcrumbList","@id":"https:\/\/plazatorosmallorca.com\/de\/liefertermin-und-ticketgebuehren\/#breadcrumb","itemListElement":[{"@type":"ListItem","position":1,"name":"Portada","item":"https:\/\/plazatorosmallorca.com\/de\/"},{"@type":"ListItem","position":2,"name":"Liefertermin und Ticketgeb\u00fchren"}]},{"@type":"WebSite","@id":"https:\/\/plazatorosmallorca.com\/de\/#website","url":"https:\/\/plazatorosmallorca.com\/de\/","name":"Plaza Toros Mallorca","description":"Portal de venta de entradas Plazas de toros de Mallorca","potentialAction":[{"@type":"SearchAction","target":{"@type":"EntryPoint","urlTemplate":"https:\/\/plazatorosmallorca.com\/de\/?s={search_term_string}"},"query-input":{"@type":"PropertyValueSpecification","valueRequired":true,"valueName":"search_term_string"}}],"inLanguage":"de"}]}},"_links":{"self":[{"href":"https:\/\/plazatorosmallorca.com\/de\/wp-json\/wp\/v2\/pages\/3379","targetHints":{"allow":["GET"]}}],"collection":[{"href":"https:\/\/plazatorosmallorca.com\/de\/wp-json\/wp\/v2\/pages"}],"about":[{"href":"https:\/\/plazatorosmallorca.com\/de\/wp-json\/wp\/v2\/types\/page"}],"author":[{"embeddable":true,"href":"https:\/\/plazatorosmallorca.com\/de\/wp-json\/wp\/v2\/users\/3"}],"replies":[{"embeddable":true,"href":"https:\/\/plazatorosmallorca.com\/de\/wp-json\/wp\/v2\/comments?post=3379"}],"version-history":[{"count":4,"href":"https:\/\/plazatorosmallorca.com\/de\/wp-json\/wp\/v2\/pages\/3379\/revisions"}],"predecessor-version":[{"id":3383,"href":"https:\/\/plazatorosmallorca.com\/de\/wp-json\/wp\/v2\/pages\/3379\/revisions\/3383"}],"wp:attachment":[{"href":"https:\/\/plazatorosmallorca.com\/de\/wp-json\/wp\/v2\/media?parent=3379"}],"curies":[{"name":"wp","href":"https:\/\/api.w.org\/{rel}","templated":true}]}}