{"id":3090,"date":"2026-03-03T12:14:39","date_gmt":"2026-03-03T12:14:39","guid":{"rendered":"https:\/\/plazatorosmallorca.com\/datenschutzerklaerung\/"},"modified":"2026-03-10T10:18:01","modified_gmt":"2026-03-10T10:18:01","slug":"datenschutzerklaerung","status":"publish","type":"page","link":"https:\/\/plazatorosmallorca.com\/de\/datenschutzerklaerung\/","title":{"rendered":"Datenschutzerkl\u00e4rung"},"content":{"rendered":"<section class=\"l-section wpb_row height_medium\"><div class=\"l-section-h i-cf\"><div class=\"g-cols vc_row via_grid cols_1 laptops-cols_inherit tablets-cols_inherit mobiles-cols_1 valign_top type_default stacking_default\"><div class=\"wpb_column vc_column_container\"><div class=\"vc_column-inner\"><div class=\"wpb_text_column\"><div class=\"wpb_wrapper\"><h3>Schutz personenbezogener Daten gem\u00e4\u00df DSGVO<\/h3>\n<p>Toroshopping, S.L. informiert in Anwendung der geltenden Vorschriften zum <a href=\"https:\/\/protecciondatos-lopd.com\/auditoria\/proteccion-datos\/\" target=\"_blank\" rel=\"noopener\" data-saferedirecturl=\"https:\/\/www.google.com\/url?q=https:\/\/protecciondatos-lopd.com\/auditoria\/proteccion-datos\/&amp;source=gmail&amp;ust=1693983469555000&amp;usg=AOvVaw06cAt1rQmvPvcyiRrzyEtd\">Schutz personenbezogener Daten<\/a>, dass die \u00fcber die Formulare der Website https:\/\/plazatorosmallorca.com\/ erhobenen personenbezogenen Daten in die spezifischen automatisierten Dateien der Nutzer der Dienste von Toroshopping, S.L. aufgenommen werden.<\/p>\n<p>Die Erhebung und automatisierte Verarbeitung personenbezogener Daten dient der Aufrechterhaltung der Gesch\u00e4ftsbeziehung und der Erf\u00fcllung von Informations-, Schulungs-, Beratungs- und anderen Aufgaben, die Toroshopping, S.L. eigen sind.<\/p>\n<p>Diese Daten werden nur an solche Stellen weitergegeben, die zur Erf\u00fcllung des oben genannten Zwecks erforderlich sind.<\/p>\n<p>Toroshopping, S.L. ergreift die notwendigen Ma\u00dfnahmen, um die Sicherheit, Integrit\u00e4t und Vertraulichkeit der Daten gem\u00e4\u00df der Verordnung (EU) 2016\/679 des Europ\u00e4ischen Parlaments und des Rates vom 27. April 2016 zum Schutz nat\u00fcrlicher Personen bei der Verarbeitung personenbezogener Daten und zum freien Datenverkehr sowie zur Aufhebung der alten LOPD, dem neuen Organgesetz 3\/2018 vom 5. Dezember \u00fcber den Schutz personenbezogener Daten und die Gew\u00e4hrleistung digitaler Rechte (LOPDGDD) zu gew\u00e4hrleisten.<\/p>\n<p>Du kannst jederzeit die in der genannten Verordnung (EU) anerkannten Rechte auf Auskunft, Widerspruch, Berichtigung, L\u00f6schung, Einschr\u00e4nkung und Daten\u00fcbertragbarkeit aus\u00fcben. Die Aus\u00fcbung dieser Rechte kannst du selbst per E-Mail an <a href=\"mailto:info@toroshopping.com\" target=\"_blank\" rel=\"noopener\">info@toroshopping.com<\/a> oder an die Adresse Centro Melior Vasari, Urbanizaci\u00f3n La Alzambra, 3, Local 1, C.P. 29660 \u2013 Marbella (M\u00e1laga) vornehmen.  <\/p>\n<p>Du best\u00e4tigst, dass alle von dir bereitgestellten Daten wahr und korrekt sind, und verpflichtest dich, diese aktuell zu halten, indem du \u00c4nderungen an Toroshopping, S.L. mitteilst.<\/p>\n<h5><strong>Zweck der Verarbeitung personenbezogener Daten:<\/strong><\/h5>\n<p><strong>Zu welchem Zweck verarbeiten wir deine personenbezogenen Daten?<\/strong><\/p>\n<p>Bei Toroshopping, S.L. verarbeiten wir deine \u00fcber die Website https:\/\/plazatorosmallorca.com\/ erhobenen personenbezogenen Daten zu folgenden Zwecken:<\/p>\n<ol>\n<li>Erf\u00fcllung der gesch\u00e4ftlichen, arbeitsrechtlichen, unternehmerischen und buchhalterischen Verpflichtungen des Unternehmens.<\/li>\n<li>Erbringung unserer Dienstleistungen entsprechend den besonderen Bed\u00fcrfnissen der Kunden, um die von uns abgeschlossenen Vertr\u00e4ge zu erf\u00fcllen.<\/li>\n<li>Versand von Werbeinformationen und Newslettern \u00fcber neue auf der Website angebotene Dienstleistungen und aus der Branche.<\/li>\n<li>Erwerb der \u00fcber die Website angebotenen Produkte.<\/li>\n<li>Erbringung der vom Nutzer beauftragten Dienstleistungen.<\/li>\n<li>Versand von Werbeinformationen auf elektronischem Weg.<\/li>\n<li>Bereitstellung der vom Nutzer \u00fcber das Kontaktformular angeforderten Informationen.<\/li>\n<\/ol>\n<p>Wir erinnern dich daran, dass du dem Versand von Werbekommunikation auf jedem Weg und zu jeder Zeit widersprechen kannst, indem du eine E-Mail an die oben angegebene Adresse sendest.<\/p>\n<p>Die Felder dieser Formulare sind Pflichtfelder. Ohne Angabe dieser Daten ist es unm\u00f6glich, die genannten Zwecke zu erf\u00fcllen.<\/p>\n<p><strong>Wie lange werden die erhobenen personenbezogenen Daten aufbewahrt?<\/strong><\/p>\n<p>Die bereitgestellten personenbezogenen Daten werden aufbewahrt, solange die Gesch\u00e4ftsbeziehung besteht oder du nicht deren L\u00f6schung verlangst, und w\u00e4hrend des Zeitraums, in dem sich rechtliche Verantwortlichkeiten aus den erbrachten Dienstleistungen ergeben k\u00f6nnten.<\/p>\n<h5>Rechtsgrundlage:<\/h5>\n<p>Die Verarbeitung deiner Daten erfolgt auf folgenden Rechtsgrundlagen:<\/p>\n<ol>\n<li>Die Anfrage von Informationen und\/oder die Beauftragung der Dienstleistungen von Toroshopping, S.L., deren Gesch\u00e4ftsbedingungen dir in jedem Fall vor einer eventuellen Beauftragung zur Verf\u00fcgung gestellt werden.<\/li>\n<li>Die freie, spezifische, informierte und unmissverst\u00e4ndliche Einwilligung, da wir dich informieren, indem wir dir diese Datenschutzerkl\u00e4rung zur Verf\u00fcgung stellen, die du nach deren Lekt\u00fcre, falls du einverstanden bist, durch eine Erkl\u00e4rung oder eine eindeutige best\u00e4tigende Handlung, wie das Ankreuzen eines daf\u00fcr vorgesehenen K\u00e4stchens, akzeptieren kannst.<\/li>\n<\/ol>\n<p>Falls du uns deine Daten nicht zur Verf\u00fcgung stellst oder dies fehlerhaft oder unvollst\u00e4ndig tust, k\u00f6nnen wir deine Anfrage nicht bearbeiten, und es ist v\u00f6llig unm\u00f6glich, dir die angeforderten Informationen bereitzustellen oder die Beauftragung der Dienstleistungen durchzuf\u00fchren.<\/p>\n<h5>Empf\u00e4nger:<\/h5>\n<p>Die Daten werden an keine Dritten au\u00dferhalb von Toroshopping, S.L. weitergegeben, au\u00dfer bei gesetzlicher Verpflichtung.<\/p>\n<h5>Von Nutzern der Dienste erhobene Daten<\/h5>\n<p>In F\u00e4llen, in denen der Nutzer Dateien mit personenbezogenen Daten auf den Shared-Hosting-Servern ablegt, \u00fcbernimmt Toroshopping, S.L. keine Verantwortung f\u00fcr die Nichteinhaltung der DSGVO durch den Nutzer.<\/p>\n<h5>Rechte am geistigen Eigentum https:\/\/plazatorosmallorca.com\/<\/h5>\n<p>Toroshopping, S.L. ist Inhaber aller Urheberrechte, Rechte am geistigen und gewerblichen Eigentum, Know-how und aller anderen Rechte, die sich auf die Inhalte der Website https:\/\/plazatorosmallorca.com\/ und die dort angebotenen Dienstleistungen sowie auf die f\u00fcr deren Umsetzung erforderlichen Programme und die damit verbundenen Informationen beziehen.<\/p>\n<p>Die Vervielf\u00e4ltigung, Ver\u00f6ffentlichung und\/oder nicht streng private Nutzung der Inhalte, ganz oder teilweise, der Website https:\/\/plazatorosmallorca.com\/ ist ohne vorherige schriftliche Zustimmung nicht gestattet.<\/p>\n<h5>Geistiges Eigentum an der Software<\/h5>\n<p>Der Nutzer muss die von Toroshopping, S.L. zur Verf\u00fcgung gestellten Programme Dritter respektieren, auch wenn diese kostenlos und\/oder \u00f6ffentlich zug\u00e4nglich sind.<\/p>\n<p>Toroshopping, S.L. verf\u00fcgt \u00fcber die erforderlichen Nutzungs- und geistigen Eigentumsrechte an der Software.<\/p>\n<p>Der Nutzer erwirbt durch den beauftragten Dienst keinerlei Rechte oder Lizenzen an der f\u00fcr die Erbringung des Dienstes erforderlichen Software, noch an den technischen Informationen zur \u00dcberwachung des Dienstes, mit Ausnahme der Rechte und Lizenzen, die zur Erf\u00fcllung der beauftragten Dienstleistungen erforderlich sind und nur f\u00fcr deren Dauer.<\/p>\n<p>F\u00fcr jede Handlung, die \u00fcber die Erf\u00fcllung des Vertrags hinausgeht, ben\u00f6tigt der Nutzer eine schriftliche Genehmigung von Toroshopping, S.L. Dem Nutzer ist es untersagt, auf die Konfiguration, Struktur und Dateien der Server im Eigentum von Toroshopping, S.L. zuzugreifen, diese zu \u00e4ndern oder einzusehen. Er \u00fcbernimmt die zivil- und strafrechtliche Verantwortung f\u00fcr jeden Vorfall, der auf den Servern und Sicherheitssystemen als direkte Folge einer fahrl\u00e4ssigen oder b\u00f6swilligen Handlung seinerseits auftreten k\u00f6nnte.<\/p>\n<h5>Geistiges Eigentum an den gehosteten Inhalten<\/h5>\n<p>Die Nutzung der von Toroshopping, S.L. erbrachten Dienstleistungen in einer Weise, die gegen die Gesetzgebung zum geistigen Eigentum verst\u00f6\u00dft, ist untersagt, insbesondere:<\/p>\n<ol>\n<li>Die Nutzung, die gegen spanische Gesetze verst\u00f6\u00dft oder die Rechte Dritter verletzt.<\/li>\n<li>Die Ver\u00f6ffentlichung oder \u00dcbermittlung von Inhalten, die nach Ansicht von Toroshopping, S.L. gewaltt\u00e4tig, obsz\u00f6n, missbr\u00e4uchlich, illegal, rassistisch, fremdenfeindlich oder diffamierend sind.<\/li>\n<li>Cracks, Seriennummern von Programmen oder andere Inhalte, die die Rechte am geistigen Eigentum Dritter verletzen.<\/li>\n<li>Die Erhebung und\/oder Nutzung personenbezogener Daten anderer Nutzer ohne deren ausdr\u00fcckliche Zustimmung oder unter Versto\u00df gegen die Verordnung (EU) 2016\/679 des Europ\u00e4ischen Parlaments und des Rates vom 27. April 2016 zum Schutz nat\u00fcrlicher Personen bei der Verarbeitung personenbezogener Daten und zum freien Datenverkehr.<\/li>\n<li>Die Nutzung des Mailservers der Domain und der E-Mail-Adressen zum Versand unerw\u00fcnschter Massen-E-Mails.<\/li>\n<\/ol>\n<p>Der Nutzer tr\u00e4gt die volle Verantwortung f\u00fcr den Inhalt seiner Website, die \u00fcbermittelten und gespeicherten Informationen, die Hyperlinks, die Anspr\u00fcche Dritter und die rechtlichen Schritte in Bezug auf geistiges Eigentum, Rechte Dritter und Jugendschutz.<\/p>\n<p>Der Nutzer ist verantwortlich f\u00fcr die Einhaltung der geltenden Gesetze und Vorschriften sowie der Regeln, die den Betrieb des Online-Dienstes, den elektronischen Handel, Urheberrechte, die Aufrechterhaltung der \u00f6ffentlichen Ordnung sowie universelle Grunds\u00e4tze der Internetnutzung betreffen.<\/p>\n<p>Der Nutzer entsch\u00e4digt Toroshopping, S.L. f\u00fcr die Kosten, die durch die Inanspruchnahme von Toroshopping, S.L. in einem Verfahren entstehen, dessen Verantwortung dem Nutzer zuzuschreiben ist, einschlie\u00dflich Honorare und Kosten der Rechtsverteidigung, auch im Falle einer nicht rechtskr\u00e4ftigen gerichtlichen Entscheidung.<\/p>\n<h5>Schutz der gehosteten Informationen<\/h5>\n<p>Toroshopping, S.L. erstellt Sicherungskopien der auf seinen Servern gehosteten Inhalte, \u00fcbernimmt jedoch keine Verantwortung f\u00fcr den versehentlichen Verlust oder die L\u00f6schung von Daten durch die Nutzer. Ebenso garantiert es nicht die vollst\u00e4ndige Wiederherstellung der von den Nutzern gel\u00f6schten Daten, da diese Daten w\u00e4hrend des Zeitraums seit der letzten Sicherungskopie gel\u00f6scht und\/oder ge\u00e4ndert worden sein k\u00f6nnten. <\/p>\n<p>Die angebotenen Dienstleistungen, mit Ausnahme spezifischer Backup-Dienste, umfassen nicht die Wiederherstellung der in den von Toroshopping, S.L. erstellten Sicherungskopien aufbewahrten Inhalte, wenn dieser Verlust dem Nutzer zuzuschreiben ist. In diesem Fall wird ein Tarif entsprechend der Komplexit\u00e4t und dem Umfang der Wiederherstellung festgelegt, immer vorbehaltlich der Zustimmung des Nutzers.<\/p>\n<p>Die Wiederherstellung gel\u00f6schter Daten ist nur dann im Preis der Dienstleistung enthalten, wenn der Verlust des Inhalts auf Ursachen zur\u00fcckzuf\u00fchren ist, die Toroshopping, S.L. zuzuschreiben sind.<\/p>\n<h5>Werbekommunikation<\/h5>\n<p>In Anwendung des LSSI versendet Toroshopping, S.L. keine Werbe- oder Verkaufsf\u00f6rderungsmitteilungen per E-Mail oder einem anderen gleichwertigen elektronischen Kommunikationsmittel, die nicht zuvor von den Empf\u00e4ngern angefordert oder ausdr\u00fccklich genehmigt wurden. <\/p>\n<p>Im Falle von Nutzern, mit denen eine vorherige Vertragsbeziehung besteht, ist Toroshopping, S.L. zum Versand von Werbekommunikation \u00fcber Produkte oder Dienstleistungen von Toroshopping, S.L. berechtigt, die denen \u00e4hnlich sind, die urspr\u00fcnglich Gegenstand der Beauftragung durch den Kunden waren.<\/p>\n<p>In jedem Fall kann der Nutzer nach Nachweis seiner Identit\u00e4t beantragen, dass ihm keine weiteren Werbeinformationen \u00fcber die Kundendienstkan\u00e4le zugesandt werden.<\/p>\n<\/div><\/div><\/div><\/div><\/div><\/div><\/section>\n","protected":false},"excerpt":{"rendered":"Schutz personenbezogener Daten gem\u00e4\u00df DSGVO Toroshopping, S.L. informiert in Anwendung der geltenden Vorschriften zum Schutz personenbezogener Daten, dass die \u00fcber die Formulare der Website https:\/\/plazatorosmallorca.com\/ erhobenen personenbezogenen Daten in die spezifischen automatisierten Dateien der Nutzer der Dienste von Toroshopping, S.L. aufgenommen werden. Die Erhebung und automatisierte Verarbeitung personenbezogener Daten dient der Aufrechterhaltung der Gesch\u00e4ftsbeziehung und...","protected":false},"author":3,"featured_media":0,"parent":0,"menu_order":0,"comment_status":"closed","ping_status":"closed","template":"","meta":{"footnotes":""},"class_list":["post-3090","page","type-page","status-publish","hentry"],"yoast_head":"<!-- This site is optimized with the Yoast SEO plugin v27.3 - https:\/\/yoast.com\/product\/yoast-seo-wordpress\/ -->\n<title>Datenschutzerkl\u00e4rung - Plaza Toros Mallorca<\/title>\n<meta name=\"robots\" content=\"noindex, follow\" \/>\n<meta property=\"og:locale\" content=\"de_DE\" \/>\n<meta property=\"og:type\" content=\"article\" \/>\n<meta property=\"og:title\" content=\"Datenschutzerkl\u00e4rung - Plaza Toros Mallorca\" \/>\n<meta property=\"og:url\" content=\"https:\/\/plazatorosmallorca.com\/de\/datenschutzerklaerung\/\" \/>\n<meta property=\"og:site_name\" content=\"Plaza Toros Mallorca\" \/>\n<meta property=\"article:modified_time\" content=\"2026-03-10T10:18:01+00:00\" \/>\n<meta name=\"twitter:card\" content=\"summary_large_image\" \/>\n<meta name=\"twitter:label1\" content=\"Gesch\u00e4tzte Lesezeit\" \/>\n\t<meta name=\"twitter:data1\" content=\"7 Minuten\" \/>\n<script type=\"application\/ld+json\" class=\"yoast-schema-graph\">{\"@context\":\"https:\\\/\\\/schema.org\",\"@graph\":[{\"@type\":\"WebPage\",\"@id\":\"https:\\\/\\\/plazatorosmallorca.com\\\/de\\\/datenschutzerklaerung\\\/\",\"url\":\"https:\\\/\\\/plazatorosmallorca.com\\\/de\\\/datenschutzerklaerung\\\/\",\"name\":\"Datenschutzerkl\u00e4rung - Plaza Toros Mallorca\",\"isPartOf\":{\"@id\":\"https:\\\/\\\/plazatorosmallorca.com\\\/de\\\/#website\"},\"datePublished\":\"2026-03-03T12:14:39+00:00\",\"dateModified\":\"2026-03-10T10:18:01+00:00\",\"breadcrumb\":{\"@id\":\"https:\\\/\\\/plazatorosmallorca.com\\\/de\\\/datenschutzerklaerung\\\/#breadcrumb\"},\"inLanguage\":\"de\",\"potentialAction\":[{\"@type\":\"ReadAction\",\"target\":[\"https:\\\/\\\/plazatorosmallorca.com\\\/de\\\/datenschutzerklaerung\\\/\"]}]},{\"@type\":\"BreadcrumbList\",\"@id\":\"https:\\\/\\\/plazatorosmallorca.com\\\/de\\\/datenschutzerklaerung\\\/#breadcrumb\",\"itemListElement\":[{\"@type\":\"ListItem\",\"position\":1,\"name\":\"Portada\",\"item\":\"https:\\\/\\\/plazatorosmallorca.com\\\/de\\\/\"},{\"@type\":\"ListItem\",\"position\":2,\"name\":\"Datenschutzerkl\u00e4rung\"}]},{\"@type\":\"WebSite\",\"@id\":\"https:\\\/\\\/plazatorosmallorca.com\\\/de\\\/#website\",\"url\":\"https:\\\/\\\/plazatorosmallorca.com\\\/de\\\/\",\"name\":\"Plaza Toros Mallorca\",\"description\":\"Portal de venta de entradas Plazas de toros de Mallorca\",\"potentialAction\":[{\"@type\":\"SearchAction\",\"target\":{\"@type\":\"EntryPoint\",\"urlTemplate\":\"https:\\\/\\\/plazatorosmallorca.com\\\/de\\\/?s={search_term_string}\"},\"query-input\":{\"@type\":\"PropertyValueSpecification\",\"valueRequired\":true,\"valueName\":\"search_term_string\"}}],\"inLanguage\":\"de\"}]}<\/script>\n<!-- \/ Yoast SEO plugin. -->","yoast_head_json":{"title":"Datenschutzerkl\u00e4rung - Plaza Toros Mallorca","robots":{"index":"noindex","follow":"follow"},"og_locale":"de_DE","og_type":"article","og_title":"Datenschutzerkl\u00e4rung - Plaza Toros Mallorca","og_url":"https:\/\/plazatorosmallorca.com\/de\/datenschutzerklaerung\/","og_site_name":"Plaza Toros Mallorca","article_modified_time":"2026-03-10T10:18:01+00:00","twitter_card":"summary_large_image","twitter_misc":{"Gesch\u00e4tzte Lesezeit":"7 Minuten"},"schema":{"@context":"https:\/\/schema.org","@graph":[{"@type":"WebPage","@id":"https:\/\/plazatorosmallorca.com\/de\/datenschutzerklaerung\/","url":"https:\/\/plazatorosmallorca.com\/de\/datenschutzerklaerung\/","name":"Datenschutzerkl\u00e4rung - Plaza Toros Mallorca","isPartOf":{"@id":"https:\/\/plazatorosmallorca.com\/de\/#website"},"datePublished":"2026-03-03T12:14:39+00:00","dateModified":"2026-03-10T10:18:01+00:00","breadcrumb":{"@id":"https:\/\/plazatorosmallorca.com\/de\/datenschutzerklaerung\/#breadcrumb"},"inLanguage":"de","potentialAction":[{"@type":"ReadAction","target":["https:\/\/plazatorosmallorca.com\/de\/datenschutzerklaerung\/"]}]},{"@type":"BreadcrumbList","@id":"https:\/\/plazatorosmallorca.com\/de\/datenschutzerklaerung\/#breadcrumb","itemListElement":[{"@type":"ListItem","position":1,"name":"Portada","item":"https:\/\/plazatorosmallorca.com\/de\/"},{"@type":"ListItem","position":2,"name":"Datenschutzerkl\u00e4rung"}]},{"@type":"WebSite","@id":"https:\/\/plazatorosmallorca.com\/de\/#website","url":"https:\/\/plazatorosmallorca.com\/de\/","name":"Plaza Toros Mallorca","description":"Portal de venta de entradas Plazas de toros de Mallorca","potentialAction":[{"@type":"SearchAction","target":{"@type":"EntryPoint","urlTemplate":"https:\/\/plazatorosmallorca.com\/de\/?s={search_term_string}"},"query-input":{"@type":"PropertyValueSpecification","valueRequired":true,"valueName":"search_term_string"}}],"inLanguage":"de"}]}},"_links":{"self":[{"href":"https:\/\/plazatorosmallorca.com\/de\/wp-json\/wp\/v2\/pages\/3090","targetHints":{"allow":["GET"]}}],"collection":[{"href":"https:\/\/plazatorosmallorca.com\/de\/wp-json\/wp\/v2\/pages"}],"about":[{"href":"https:\/\/plazatorosmallorca.com\/de\/wp-json\/wp\/v2\/types\/page"}],"author":[{"embeddable":true,"href":"https:\/\/plazatorosmallorca.com\/de\/wp-json\/wp\/v2\/users\/3"}],"replies":[{"embeddable":true,"href":"https:\/\/plazatorosmallorca.com\/de\/wp-json\/wp\/v2\/comments?post=3090"}],"version-history":[{"count":2,"href":"https:\/\/plazatorosmallorca.com\/de\/wp-json\/wp\/v2\/pages\/3090\/revisions"}],"predecessor-version":[{"id":3092,"href":"https:\/\/plazatorosmallorca.com\/de\/wp-json\/wp\/v2\/pages\/3090\/revisions\/3092"}],"wp:attachment":[{"href":"https:\/\/plazatorosmallorca.com\/de\/wp-json\/wp\/v2\/media?parent=3090"}],"curies":[{"name":"wp","href":"https:\/\/api.w.org\/{rel}","templated":true}]}}