{"id":3824,"date":"2026-03-16T09:40:01","date_gmt":"2026-03-16T09:40:01","guid":{"rendered":"https:\/\/plazatorosmallorca.com\/producto\/llotja-vip-inca\/"},"modified":"2026-03-16T09:40:01","modified_gmt":"2026-03-16T09:40:01","slug":"llotja-vip-inca","status":"publish","type":"product","link":"https:\/\/plazatorosmallorca.com\/ca\/producto\/llotja-vip-inca\/","title":{"rendered":"Llotja VIP Inca"},"content":{"rendered":"<p>Les Llotges VIP de la Pla\u00e7a de Toros d&#8217;Inca, situades tamb\u00e9 al<span> <\/span><strong>tendido d&#8217;ombra<\/strong>, estan pensades per viure la correguda amb una experi\u00e8ncia m\u00e9s privada i c\u00f2moda. Cada llotja t\u00e9 <span> <\/span><strong>capacitat per a 12 persones<\/strong><span> <\/span>i inclou:<\/p>\n<ul>\n<li>Refrescos sense alcohol.<\/li>\n<li>Aperitius variats a l&#8217;estil espanyol (ib\u00e8rics, formatge i truita).<\/li>\n<li>Servei de cambrer\/a exclusiu per a la llotja, garantint una atenci\u00f3 personalitzada durant tot l&#8217;esdeveniment.<\/li>\n<\/ul>\n<p><strong>*Pots comprar tant la llotja completa amb 12 seients com un \u00fanic seient.<\/strong><\/p>\n","protected":false},"excerpt":{"rendered":"<ul>\n<li>\n<hr class=\"border-border-200 border-t-0.5 my-3 mx-1.5\">\n<h3 class=\"text-text-100 mt-2 -mb-1 text-base font-bold\"><img decoding=\"async\" class=\"emoji\" role=\"img\" draggable=\"false\" src=\"https:\/\/s.w.org\/images\/core\/emoji\/17.0.2\/svg\/2139.svg\" alt=\"\u2139\ufe0f\"><span> <\/span>Informaci\u00f3 important sobre la teva compra<\/h3>\n<ul class=\"[li_&amp;]:mb-0 [li_&amp;]:mt-1 [li_&amp;]:gap-1 [&amp;:not(:last-child)_ul]:pb-1 [&amp;:not(:last-child)_ol]:pb-1 list-disc flex flex-col gap-1 pl-8 mb-3\">\n<li class=\"whitespace-normal break-words pl-2\"><strong>Reserva no numerada:<\/strong><span> <\/span>en comprar est\u00e0s realitzant una reserva d&#8217;entrada. Una vegada emeses les entrades oficials, se t&#8217;assignaran els millors seients disponibles a la zona triada. <\/li>\n<li class=\"whitespace-normal break-words pl-2\"><strong>Seients consecutius:<\/strong><span> <\/span>si compres diverses entrades, els seients assignats seran sempre contigus.<\/li>\n<li class=\"whitespace-normal break-words pl-2\"><strong>Lliurament:<\/strong><span> <\/span>rebr\u00e0s les teves entrades en format PDF per correu electr\u00f2nic uns dies abans de l&#8217;esdeveniment.<\/li>\n<li class=\"whitespace-normal break-words pl-2\"><strong>Despeses de gesti\u00f3:<\/strong><span> <\/span>s&#8217;afegeixen en el proc\u00e9s de pagament. Consulta les comissions vigents. <\/li>\n<li class=\"whitespace-normal break-words pl-2\"><strong>No reemborsable:<\/strong><span> <\/span>les entrades no admeten canvis ni devolucions excepte cancel\u00b7laci\u00f3 oficial de l&#8217;esdeveniment.<\/li>\n<\/ul>\n<\/li>\n<\/ul>\n<p><a href=\"https:\/\/plazatorosmallorca.com\/ca\/data-de-lliurament-i-comissions-de-les-entrades\/\">Consulta la data de lliurament de les entrades i comissions<\/a><\/p>\n","protected":false},"featured_media":3648,"comment_status":"open","ping_status":"closed","template":"","meta":[],"product_brand":[],"product_cat":[148],"product_tag":[],"class_list":{"0":"post-3824","1":"product","2":"type-product","3":"status-publish","4":"has-post-thumbnail","6":"product_cat-inca","8":"first","9":"instock","10":"taxable","11":"shipping-taxable","12":"purchasable","13":"product-type-variable"},"yoast_head":"<!-- This site is optimized with the Yoast SEO plugin v27.3 - https:\/\/yoast.com\/product\/yoast-seo-wordpress\/ -->\n<title>Llotges VIP Pla\u00e7a de Toros d&#039;Inca | Entrades Bous Mallorca<\/title>\n<meta name=\"description\" content=\"Venda d&#039;entrades per a la llotja VIP de la pla\u00e7a de toros d&#039;Inca, Mallorca. Gaudeix de la correguda de toros amb tots els luxes de la llotja VIP\" \/>\n<meta name=\"robots\" content=\"index, follow, max-snippet:-1, max-image-preview:large, max-video-preview:-1\" \/>\n<link rel=\"canonical\" href=\"https:\/\/plazatorosmallorca.com\/ca\/producto\/llotja-vip-inca\/\" \/>\n<meta property=\"og:locale\" content=\"ca_ES\" \/>\n<meta property=\"og:type\" content=\"article\" \/>\n<meta property=\"og:title\" content=\"Llotges VIP Pla\u00e7a de Toros d&#039;Inca | Entrades Bous Mallorca\" \/>\n<meta property=\"og:description\" content=\"Venda d&#039;entrades per a la llotja VIP de la pla\u00e7a de toros d&#039;Inca, Mallorca. Gaudeix de la correguda de toros amb tots els luxes de la llotja VIP\" \/>\n<meta property=\"og:url\" content=\"https:\/\/plazatorosmallorca.com\/ca\/producto\/llotja-vip-inca\/\" \/>\n<meta property=\"og:site_name\" content=\"Plaza Toros Mallorca\" \/>\n<meta property=\"og:image\" content=\"https:\/\/plazatorosmallorca.com\/wp-content\/uploads\/2026\/03\/Palco-VIP-MURO.webp\" \/>\n\t<meta property=\"og:image:width\" content=\"600\" \/>\n\t<meta property=\"og:image:height\" content=\"600\" \/>\n\t<meta property=\"og:image:type\" content=\"image\/webp\" \/>\n<meta name=\"twitter:card\" content=\"summary_large_image\" \/>\n<script type=\"application\/ld+json\" class=\"yoast-schema-graph\">{\"@context\":\"https:\\\/\\\/schema.org\",\"@graph\":[{\"@type\":\"WebPage\",\"@id\":\"https:\\\/\\\/plazatorosmallorca.com\\\/ca\\\/producto\\\/llotja-vip-inca\\\/\",\"url\":\"https:\\\/\\\/plazatorosmallorca.com\\\/ca\\\/producto\\\/llotja-vip-inca\\\/\",\"name\":\"Llotges VIP Pla\u00e7a de Toros d'Inca | Entrades Bous Mallorca\",\"isPartOf\":{\"@id\":\"https:\\\/\\\/plazatorosmallorca.com\\\/ca\\\/#website\"},\"primaryImageOfPage\":{\"@id\":\"https:\\\/\\\/plazatorosmallorca.com\\\/ca\\\/producto\\\/llotja-vip-inca\\\/#primaryimage\"},\"image\":{\"@id\":\"https:\\\/\\\/plazatorosmallorca.com\\\/ca\\\/producto\\\/llotja-vip-inca\\\/#primaryimage\"},\"thumbnailUrl\":\"https:\\\/\\\/plazatorosmallorca.com\\\/wp-content\\\/uploads\\\/2026\\\/03\\\/Palco-VIP-MURO.webp\",\"datePublished\":\"2026-03-16T09:40:01+00:00\",\"description\":\"Venda d'entrades per a la llotja VIP de la pla\u00e7a de toros d'Inca, Mallorca. Gaudeix de la correguda de toros amb tots els luxes de la llotja VIP\",\"breadcrumb\":{\"@id\":\"https:\\\/\\\/plazatorosmallorca.com\\\/ca\\\/producto\\\/llotja-vip-inca\\\/#breadcrumb\"},\"inLanguage\":\"ca\",\"potentialAction\":[{\"@type\":\"ReadAction\",\"target\":[\"https:\\\/\\\/plazatorosmallorca.com\\\/ca\\\/producto\\\/llotja-vip-inca\\\/\"]}]},{\"@type\":\"ImageObject\",\"inLanguage\":\"ca\",\"@id\":\"https:\\\/\\\/plazatorosmallorca.com\\\/ca\\\/producto\\\/llotja-vip-inca\\\/#primaryimage\",\"url\":\"https:\\\/\\\/plazatorosmallorca.com\\\/wp-content\\\/uploads\\\/2026\\\/03\\\/Palco-VIP-MURO.webp\",\"contentUrl\":\"https:\\\/\\\/plazatorosmallorca.com\\\/wp-content\\\/uploads\\\/2026\\\/03\\\/Palco-VIP-MURO.webp\",\"width\":600,\"height\":600,\"caption\":\"entrada palco vip\"},{\"@type\":\"BreadcrumbList\",\"@id\":\"https:\\\/\\\/plazatorosmallorca.com\\\/ca\\\/producto\\\/llotja-vip-inca\\\/#breadcrumb\",\"itemListElement\":[{\"@type\":\"ListItem\",\"position\":1,\"name\":\"Portada\",\"item\":\"https:\\\/\\\/plazatorosmallorca.com\\\/ca\\\/inici\\\/\"},{\"@type\":\"ListItem\",\"position\":2,\"name\":\"Botiga\",\"item\":\"https:\\\/\\\/plazatorosmallorca.com\\\/ca\\\/botiga\\\/\"},{\"@type\":\"ListItem\",\"position\":3,\"name\":\"Llotja VIP Inca\"}]},{\"@type\":\"WebSite\",\"@id\":\"https:\\\/\\\/plazatorosmallorca.com\\\/ca\\\/#website\",\"url\":\"https:\\\/\\\/plazatorosmallorca.com\\\/ca\\\/\",\"name\":\"Plaza Toros Mallorca\",\"description\":\"Portal de venta de entradas Plazas de toros de Mallorca\",\"potentialAction\":[{\"@type\":\"SearchAction\",\"target\":{\"@type\":\"EntryPoint\",\"urlTemplate\":\"https:\\\/\\\/plazatorosmallorca.com\\\/ca\\\/?s={search_term_string}\"},\"query-input\":{\"@type\":\"PropertyValueSpecification\",\"valueRequired\":true,\"valueName\":\"search_term_string\"}}],\"inLanguage\":\"ca\"}]}<\/script>\n<!-- \/ Yoast SEO plugin. -->","yoast_head_json":{"title":"Llotges VIP Pla\u00e7a de Toros d'Inca | Entrades Bous Mallorca","description":"Venda d'entrades per a la llotja VIP de la pla\u00e7a de toros d'Inca, Mallorca. Gaudeix de la correguda de toros amb tots els luxes de la llotja VIP","robots":{"index":"index","follow":"follow","max-snippet":"max-snippet:-1","max-image-preview":"max-image-preview:large","max-video-preview":"max-video-preview:-1"},"canonical":"https:\/\/plazatorosmallorca.com\/ca\/producto\/llotja-vip-inca\/","og_locale":"ca_ES","og_type":"article","og_title":"Llotges VIP Pla\u00e7a de Toros d'Inca | Entrades Bous Mallorca","og_description":"Venda d'entrades per a la llotja VIP de la pla\u00e7a de toros d'Inca, Mallorca. Gaudeix de la correguda de toros amb tots els luxes de la llotja VIP","og_url":"https:\/\/plazatorosmallorca.com\/ca\/producto\/llotja-vip-inca\/","og_site_name":"Plaza Toros Mallorca","og_image":[{"width":600,"height":600,"url":"https:\/\/plazatorosmallorca.com\/wp-content\/uploads\/2026\/03\/Palco-VIP-MURO.webp","type":"image\/webp"}],"twitter_card":"summary_large_image","schema":{"@context":"https:\/\/schema.org","@graph":[{"@type":"WebPage","@id":"https:\/\/plazatorosmallorca.com\/ca\/producto\/llotja-vip-inca\/","url":"https:\/\/plazatorosmallorca.com\/ca\/producto\/llotja-vip-inca\/","name":"Llotges VIP Pla\u00e7a de Toros d'Inca | Entrades Bous Mallorca","isPartOf":{"@id":"https:\/\/plazatorosmallorca.com\/ca\/#website"},"primaryImageOfPage":{"@id":"https:\/\/plazatorosmallorca.com\/ca\/producto\/llotja-vip-inca\/#primaryimage"},"image":{"@id":"https:\/\/plazatorosmallorca.com\/ca\/producto\/llotja-vip-inca\/#primaryimage"},"thumbnailUrl":"https:\/\/plazatorosmallorca.com\/wp-content\/uploads\/2026\/03\/Palco-VIP-MURO.webp","datePublished":"2026-03-16T09:40:01+00:00","description":"Venda d'entrades per a la llotja VIP de la pla\u00e7a de toros d'Inca, Mallorca. Gaudeix de la correguda de toros amb tots els luxes de la llotja VIP","breadcrumb":{"@id":"https:\/\/plazatorosmallorca.com\/ca\/producto\/llotja-vip-inca\/#breadcrumb"},"inLanguage":"ca","potentialAction":[{"@type":"ReadAction","target":["https:\/\/plazatorosmallorca.com\/ca\/producto\/llotja-vip-inca\/"]}]},{"@type":"ImageObject","inLanguage":"ca","@id":"https:\/\/plazatorosmallorca.com\/ca\/producto\/llotja-vip-inca\/#primaryimage","url":"https:\/\/plazatorosmallorca.com\/wp-content\/uploads\/2026\/03\/Palco-VIP-MURO.webp","contentUrl":"https:\/\/plazatorosmallorca.com\/wp-content\/uploads\/2026\/03\/Palco-VIP-MURO.webp","width":600,"height":600,"caption":"entrada palco vip"},{"@type":"BreadcrumbList","@id":"https:\/\/plazatorosmallorca.com\/ca\/producto\/llotja-vip-inca\/#breadcrumb","itemListElement":[{"@type":"ListItem","position":1,"name":"Portada","item":"https:\/\/plazatorosmallorca.com\/ca\/inici\/"},{"@type":"ListItem","position":2,"name":"Botiga","item":"https:\/\/plazatorosmallorca.com\/ca\/botiga\/"},{"@type":"ListItem","position":3,"name":"Llotja VIP Inca"}]},{"@type":"WebSite","@id":"https:\/\/plazatorosmallorca.com\/ca\/#website","url":"https:\/\/plazatorosmallorca.com\/ca\/","name":"Plaza Toros Mallorca","description":"Portal de venta de entradas Plazas de toros de Mallorca","potentialAction":[{"@type":"SearchAction","target":{"@type":"EntryPoint","urlTemplate":"https:\/\/plazatorosmallorca.com\/ca\/?s={search_term_string}"},"query-input":{"@type":"PropertyValueSpecification","valueRequired":true,"valueName":"search_term_string"}}],"inLanguage":"ca"}]}},"_links":{"self":[{"href":"https:\/\/plazatorosmallorca.com\/ca\/wp-json\/wp\/v2\/product\/3824","targetHints":{"allow":["GET"]}}],"collection":[{"href":"https:\/\/plazatorosmallorca.com\/ca\/wp-json\/wp\/v2\/product"}],"about":[{"href":"https:\/\/plazatorosmallorca.com\/ca\/wp-json\/wp\/v2\/types\/product"}],"replies":[{"embeddable":true,"href":"https:\/\/plazatorosmallorca.com\/ca\/wp-json\/wp\/v2\/comments?post=3824"}],"wp:featuredmedia":[{"embeddable":true,"href":"https:\/\/plazatorosmallorca.com\/ca\/wp-json\/wp\/v2\/media\/3648"}],"wp:attachment":[{"href":"https:\/\/plazatorosmallorca.com\/ca\/wp-json\/wp\/v2\/media?parent=3824"}],"wp:term":[{"taxonomy":"product_brand","embeddable":true,"href":"https:\/\/plazatorosmallorca.com\/ca\/wp-json\/wp\/v2\/product_brand?post=3824"},{"taxonomy":"product_cat","embeddable":true,"href":"https:\/\/plazatorosmallorca.com\/ca\/wp-json\/wp\/v2\/product_cat?post=3824"},{"taxonomy":"product_tag","embeddable":true,"href":"https:\/\/plazatorosmallorca.com\/ca\/wp-json\/wp\/v2\/product_tag?post=3824"}],"curies":[{"name":"wp","href":"https:\/\/api.w.org\/{rel}","templated":true}]}}