{"id":3812,"date":"2026-03-05T12:22:52","date_gmt":"2026-03-05T12:22:52","guid":{"rendered":"https:\/\/plazatorosmallorca.com\/producto\/abonament-fira-de-muro-2026\/"},"modified":"2026-03-05T12:22:52","modified_gmt":"2026-03-05T12:22:52","slug":"abonament-fira-de-muro-2026","status":"publish","type":"product","link":"https:\/\/plazatorosmallorca.com\/ca\/producto\/abonament-fira-de-muro-2026\/","title":{"rendered":"Abonament fira de Muro 2026"},"content":{"rendered":"<p class=\"font-claude-response-body break-words whitespace-normal leading-[1.7]\"><strong>\ud83d\udcc5 Data:<\/strong> <span>20 de juny i 13 de setembre<\/span><br \/>\n<strong>\ud83d\udccd Lloc:<\/strong> Pla\u00e7a de Toros Muro, Mallorca &#8211; Carrer Cervantes, 11, 07440 Muro, Illes Balears<br \/>\n<strong>\u23f1 Durada aproximada:<\/strong> 2 a 2,5 hores<br \/>\n<strong>\ud83d\udcc6 Data l\u00edmit de compra:<\/strong> 18 de juny de 2026<\/p>\n<p><strong><img decoding=\"async\" class=\"emoji\" role=\"img\" draggable=\"false\" src=\"https:\/\/s.w.org\/images\/core\/emoji\/17.0.2\/svg\/1f403.svg\" alt=\"\ud83d\udc03\">Torero i ramaderia: <\/strong>Toros de El Capea &#8211; Antonio Ferrera \u2013 Miguel \u00c1ngel Perera \u2013 Olga Casado (novillera) i m<span>\u00e0 a m\u00e0: Dami\u00e1n Casta\u00f1o \u2013 Jes\u00fas Enrique Colombo<\/span><\/p>\n","protected":false},"excerpt":{"rendered":"<ul>\n<li>\n<hr class=\"border-border-200 border-t-0.5 my-3 mx-1.5\">\n<h3 class=\"text-text-100 mt-2 -mb-1 text-base font-bold\">\u2139\ufe0f Informaci\u00f3 important sobre la teva compra<\/h3>\n<ul class=\"[li_&amp;]:mb-0 [li_&amp;]:mt-1 [li_&amp;]:gap-1 [&amp;:not(:last-child)_ul]:pb-1 [&amp;:not(:last-child)_ol]:pb-1 list-disc flex flex-col gap-1 pl-8 mb-3\">\n<li class=\"whitespace-normal break-words pl-2\"><strong>Reserva no numerada:<\/strong> en comprar est\u00e0s fent una reserva d&#8217;entrada. Una vegada emeses les entrades oficials, se t&#8217;assignaran els millors seients disponibles a la zona triada. <\/li>\n<li class=\"whitespace-normal break-words pl-2\"><strong>Seients consecutius:<\/strong> si compres diverses entrades, els seients assignats seran sempre contigus.<\/li>\n<li class=\"whitespace-normal break-words pl-2\"><strong>Lliurament:<\/strong> rebr\u00e0s les teves entrades en format PDF per correu electr\u00f2nic uns dies abans de l&#8217;esdeveniment.<\/li>\n<li class=\"whitespace-normal break-words pl-2\"><strong>Despeses de gesti\u00f3:<\/strong> s&#8217;afegeixen en el proc\u00e9s de pagament. Consulta les comissions vigents. <\/li>\n<li class=\"whitespace-normal break-words pl-2\"><strong>No reemborsable:<\/strong> les entrades no admeten canvis ni devolucions excepte cancel\u00b7laci\u00f3 oficial de l&#8217;esdeveniment.<\/li>\n<\/ul>\n<\/li>\n<\/ul>\n<div class=\"woocommerce-product-details__short-description\">\n<p><a href=\"https:\/\/plazatorosmallorca.com\/ca\/data-de-lliurament-i-comissions-de-les-entrades\/\">Consulta la data de lliurament de les entrades i comissions<\/a><\/p>\n<\/div>\n","protected":false},"featured_media":2492,"comment_status":"open","ping_status":"closed","template":"","meta":[],"product_brand":[],"product_cat":[149],"product_tag":[],"class_list":{"0":"post-3812","1":"product","2":"type-product","3":"status-publish","4":"has-post-thumbnail","6":"product_cat-muro","8":"first","9":"instock","10":"taxable","11":"shipping-taxable","12":"purchasable","13":"product-type-variable"},"yoast_head":"<!-- This site is optimized with the Yoast SEO plugin v27.3 - https:\/\/yoast.com\/product\/yoast-seo-wordpress\/ -->\n<title>Abonament Fira Taurina de Muro 2026 | Toros Mallorca<\/title>\n<meta name=\"description\" content=\"P\u00e0gina Oficial | Compra el teu abonament per a la fira taurina de la pla\u00e7a de toros de Muro (Mallorca) de 2026 | Estalvia diners amb el teu abonament\" \/>\n<meta name=\"robots\" content=\"index, follow, max-snippet:-1, max-image-preview:large, max-video-preview:-1\" \/>\n<link rel=\"canonical\" href=\"https:\/\/plazatorosmallorca.com\/ca\/producto\/abonament-fira-de-muro-2026\/\" \/>\n<meta property=\"og:locale\" content=\"ca_ES\" \/>\n<meta property=\"og:type\" content=\"article\" \/>\n<meta property=\"og:title\" content=\"Abonament Fira Taurina de Muro 2026 | Toros Mallorca\" \/>\n<meta property=\"og:description\" content=\"P\u00e0gina Oficial | Compra el teu abonament per a la fira taurina de la pla\u00e7a de toros de Muro (Mallorca) de 2026 | Estalvia diners amb el teu abonament\" \/>\n<meta property=\"og:url\" content=\"https:\/\/plazatorosmallorca.com\/ca\/producto\/abonament-fira-de-muro-2026\/\" \/>\n<meta property=\"og:site_name\" content=\"Plaza Toros Mallorca\" \/>\n<meta property=\"og:image\" content=\"https:\/\/plazatorosmallorca.com\/wp-content\/uploads\/2026\/03\/Abono-Muro-2026.webp\" \/>\n\t<meta property=\"og:image:width\" content=\"600\" \/>\n\t<meta property=\"og:image:height\" content=\"600\" \/>\n\t<meta property=\"og:image:type\" content=\"image\/webp\" \/>\n<meta name=\"twitter:card\" content=\"summary_large_image\" \/>\n<script type=\"application\/ld+json\" class=\"yoast-schema-graph\">{\"@context\":\"https:\\\/\\\/schema.org\",\"@graph\":[{\"@type\":\"WebPage\",\"@id\":\"https:\\\/\\\/plazatorosmallorca.com\\\/ca\\\/producto\\\/abonament-fira-de-muro-2026\\\/\",\"url\":\"https:\\\/\\\/plazatorosmallorca.com\\\/ca\\\/producto\\\/abonament-fira-de-muro-2026\\\/\",\"name\":\"Abonament Fira Taurina de Muro 2026 | Toros Mallorca\",\"isPartOf\":{\"@id\":\"https:\\\/\\\/plazatorosmallorca.com\\\/ca\\\/#website\"},\"primaryImageOfPage\":{\"@id\":\"https:\\\/\\\/plazatorosmallorca.com\\\/ca\\\/producto\\\/abonament-fira-de-muro-2026\\\/#primaryimage\"},\"image\":{\"@id\":\"https:\\\/\\\/plazatorosmallorca.com\\\/ca\\\/producto\\\/abonament-fira-de-muro-2026\\\/#primaryimage\"},\"thumbnailUrl\":\"https:\\\/\\\/plazatorosmallorca.com\\\/wp-content\\\/uploads\\\/2026\\\/03\\\/Abono-Muro-2026.webp\",\"datePublished\":\"2026-03-05T12:22:52+00:00\",\"description\":\"P\u00e0gina Oficial | Compra el teu abonament per a la fira taurina de la pla\u00e7a de toros de Muro (Mallorca) de 2026 | Estalvia diners amb el teu abonament\",\"breadcrumb\":{\"@id\":\"https:\\\/\\\/plazatorosmallorca.com\\\/ca\\\/producto\\\/abonament-fira-de-muro-2026\\\/#breadcrumb\"},\"inLanguage\":\"ca\",\"potentialAction\":[{\"@type\":\"ReadAction\",\"target\":[\"https:\\\/\\\/plazatorosmallorca.com\\\/ca\\\/producto\\\/abonament-fira-de-muro-2026\\\/\"]}]},{\"@type\":\"ImageObject\",\"inLanguage\":\"ca\",\"@id\":\"https:\\\/\\\/plazatorosmallorca.com\\\/ca\\\/producto\\\/abonament-fira-de-muro-2026\\\/#primaryimage\",\"url\":\"https:\\\/\\\/plazatorosmallorca.com\\\/wp-content\\\/uploads\\\/2026\\\/03\\\/Abono-Muro-2026.webp\",\"contentUrl\":\"https:\\\/\\\/plazatorosmallorca.com\\\/wp-content\\\/uploads\\\/2026\\\/03\\\/Abono-Muro-2026.webp\",\"width\":600,\"height\":600,\"caption\":\"Abono feria taurina muro 2026\"},{\"@type\":\"BreadcrumbList\",\"@id\":\"https:\\\/\\\/plazatorosmallorca.com\\\/ca\\\/producto\\\/abonament-fira-de-muro-2026\\\/#breadcrumb\",\"itemListElement\":[{\"@type\":\"ListItem\",\"position\":1,\"name\":\"Portada\",\"item\":\"https:\\\/\\\/plazatorosmallorca.com\\\/ca\\\/inici\\\/\"},{\"@type\":\"ListItem\",\"position\":2,\"name\":\"Botiga\",\"item\":\"https:\\\/\\\/plazatorosmallorca.com\\\/ca\\\/botiga\\\/\"},{\"@type\":\"ListItem\",\"position\":3,\"name\":\"Abonament fira de Muro 2026\"}]},{\"@type\":\"WebSite\",\"@id\":\"https:\\\/\\\/plazatorosmallorca.com\\\/ca\\\/#website\",\"url\":\"https:\\\/\\\/plazatorosmallorca.com\\\/ca\\\/\",\"name\":\"Plaza Toros Mallorca\",\"description\":\"Portal de venta de entradas Plazas de toros de Mallorca\",\"potentialAction\":[{\"@type\":\"SearchAction\",\"target\":{\"@type\":\"EntryPoint\",\"urlTemplate\":\"https:\\\/\\\/plazatorosmallorca.com\\\/ca\\\/?s={search_term_string}\"},\"query-input\":{\"@type\":\"PropertyValueSpecification\",\"valueRequired\":true,\"valueName\":\"search_term_string\"}}],\"inLanguage\":\"ca\"}]}<\/script>\n<!-- \/ Yoast SEO plugin. -->","yoast_head_json":{"title":"Abonament Fira Taurina de Muro 2026 | Toros Mallorca","description":"P\u00e0gina Oficial | Compra el teu abonament per a la fira taurina de la pla\u00e7a de toros de Muro (Mallorca) de 2026 | Estalvia diners amb el teu abonament","robots":{"index":"index","follow":"follow","max-snippet":"max-snippet:-1","max-image-preview":"max-image-preview:large","max-video-preview":"max-video-preview:-1"},"canonical":"https:\/\/plazatorosmallorca.com\/ca\/producto\/abonament-fira-de-muro-2026\/","og_locale":"ca_ES","og_type":"article","og_title":"Abonament Fira Taurina de Muro 2026 | Toros Mallorca","og_description":"P\u00e0gina Oficial | Compra el teu abonament per a la fira taurina de la pla\u00e7a de toros de Muro (Mallorca) de 2026 | Estalvia diners amb el teu abonament","og_url":"https:\/\/plazatorosmallorca.com\/ca\/producto\/abonament-fira-de-muro-2026\/","og_site_name":"Plaza Toros Mallorca","og_image":[{"width":600,"height":600,"url":"https:\/\/plazatorosmallorca.com\/wp-content\/uploads\/2026\/03\/Abono-Muro-2026.webp","type":"image\/webp"}],"twitter_card":"summary_large_image","schema":{"@context":"https:\/\/schema.org","@graph":[{"@type":"WebPage","@id":"https:\/\/plazatorosmallorca.com\/ca\/producto\/abonament-fira-de-muro-2026\/","url":"https:\/\/plazatorosmallorca.com\/ca\/producto\/abonament-fira-de-muro-2026\/","name":"Abonament Fira Taurina de Muro 2026 | Toros Mallorca","isPartOf":{"@id":"https:\/\/plazatorosmallorca.com\/ca\/#website"},"primaryImageOfPage":{"@id":"https:\/\/plazatorosmallorca.com\/ca\/producto\/abonament-fira-de-muro-2026\/#primaryimage"},"image":{"@id":"https:\/\/plazatorosmallorca.com\/ca\/producto\/abonament-fira-de-muro-2026\/#primaryimage"},"thumbnailUrl":"https:\/\/plazatorosmallorca.com\/wp-content\/uploads\/2026\/03\/Abono-Muro-2026.webp","datePublished":"2026-03-05T12:22:52+00:00","description":"P\u00e0gina Oficial | Compra el teu abonament per a la fira taurina de la pla\u00e7a de toros de Muro (Mallorca) de 2026 | Estalvia diners amb el teu abonament","breadcrumb":{"@id":"https:\/\/plazatorosmallorca.com\/ca\/producto\/abonament-fira-de-muro-2026\/#breadcrumb"},"inLanguage":"ca","potentialAction":[{"@type":"ReadAction","target":["https:\/\/plazatorosmallorca.com\/ca\/producto\/abonament-fira-de-muro-2026\/"]}]},{"@type":"ImageObject","inLanguage":"ca","@id":"https:\/\/plazatorosmallorca.com\/ca\/producto\/abonament-fira-de-muro-2026\/#primaryimage","url":"https:\/\/plazatorosmallorca.com\/wp-content\/uploads\/2026\/03\/Abono-Muro-2026.webp","contentUrl":"https:\/\/plazatorosmallorca.com\/wp-content\/uploads\/2026\/03\/Abono-Muro-2026.webp","width":600,"height":600,"caption":"Abono feria taurina muro 2026"},{"@type":"BreadcrumbList","@id":"https:\/\/plazatorosmallorca.com\/ca\/producto\/abonament-fira-de-muro-2026\/#breadcrumb","itemListElement":[{"@type":"ListItem","position":1,"name":"Portada","item":"https:\/\/plazatorosmallorca.com\/ca\/inici\/"},{"@type":"ListItem","position":2,"name":"Botiga","item":"https:\/\/plazatorosmallorca.com\/ca\/botiga\/"},{"@type":"ListItem","position":3,"name":"Abonament fira de Muro 2026"}]},{"@type":"WebSite","@id":"https:\/\/plazatorosmallorca.com\/ca\/#website","url":"https:\/\/plazatorosmallorca.com\/ca\/","name":"Plaza Toros Mallorca","description":"Portal de venta de entradas Plazas de toros de Mallorca","potentialAction":[{"@type":"SearchAction","target":{"@type":"EntryPoint","urlTemplate":"https:\/\/plazatorosmallorca.com\/ca\/?s={search_term_string}"},"query-input":{"@type":"PropertyValueSpecification","valueRequired":true,"valueName":"search_term_string"}}],"inLanguage":"ca"}]}},"_links":{"self":[{"href":"https:\/\/plazatorosmallorca.com\/ca\/wp-json\/wp\/v2\/product\/3812","targetHints":{"allow":["GET"]}}],"collection":[{"href":"https:\/\/plazatorosmallorca.com\/ca\/wp-json\/wp\/v2\/product"}],"about":[{"href":"https:\/\/plazatorosmallorca.com\/ca\/wp-json\/wp\/v2\/types\/product"}],"replies":[{"embeddable":true,"href":"https:\/\/plazatorosmallorca.com\/ca\/wp-json\/wp\/v2\/comments?post=3812"}],"wp:featuredmedia":[{"embeddable":true,"href":"https:\/\/plazatorosmallorca.com\/ca\/wp-json\/wp\/v2\/media\/2492"}],"wp:attachment":[{"href":"https:\/\/plazatorosmallorca.com\/ca\/wp-json\/wp\/v2\/media?parent=3812"}],"wp:term":[{"taxonomy":"product_brand","embeddable":true,"href":"https:\/\/plazatorosmallorca.com\/ca\/wp-json\/wp\/v2\/product_brand?post=3812"},{"taxonomy":"product_cat","embeddable":true,"href":"https:\/\/plazatorosmallorca.com\/ca\/wp-json\/wp\/v2\/product_cat?post=3812"},{"taxonomy":"product_tag","embeddable":true,"href":"https:\/\/plazatorosmallorca.com\/ca\/wp-json\/wp\/v2\/product_tag?post=3812"}],"curies":[{"name":"wp","href":"https:\/\/api.w.org\/{rel}","templated":true}]}}