{"id":3706,"date":"2026-03-03T14:59:40","date_gmt":"2026-03-03T14:59:40","guid":{"rendered":"https:\/\/plazatorosmallorca.com\/data-de-lliurament-i-comissions-de-les-entrades\/"},"modified":"2026-04-09T15:42:52","modified_gmt":"2026-04-09T15:42:52","slug":"data-de-lliurament-i-comissions-de-les-entrades","status":"publish","type":"page","link":"https:\/\/plazatorosmallorca.com\/ca\/data-de-lliurament-i-comissions-de-les-entrades\/","title":{"rendered":"Data de lliurament i comissions de les entrades"},"content":{"rendered":"<section class=\"l-section wpb_row height_medium\"><div class=\"l-section-h i-cf\"><div class=\"g-cols vc_row via_grid cols_1 laptops-cols_inherit tablets-cols_inherit mobiles-cols_1 valign_top type_default stacking_default\"><div class=\"wpb_column vc_column_container\"><div class=\"vc_column-inner\"><div class=\"wpb_text_column\"><div class=\"wpb_wrapper\"><div class=\"wpb_text_column\">\n<div class=\"wpb_wrapper\">\n<h3>Data de lliurament:<\/h3>\n<p>Les entrades s&#8217;enviaran en format PDF al correu electr\u00f2nic 1 setmana abans de la celebraci\u00f3 de l&#8217;esdeveniment. Recomanem revisar la carpeta de correu brossa del correu electr\u00f2nic. <\/p>\n<h3>Comissions de venda<\/h3>\n<p>Les entrades tenen una comissi\u00f3 del 10% de comissi\u00f3 de venda que s&#8217;afegeixen a la p\u00e0gina de pagament.<\/p>\n<h3>Devolucions<\/h3>\n<div>\n<div>L&#8217;admissi\u00f3 a la pla\u00e7a i si escau la devoluci\u00f3 del seu import conforme a la legislaci\u00f3 vigent (Art. 70 RTA) queda supeditada a disposar de l&#8217;entrada oficial, completa, \u00edntegra i no manipulada. <\/div>\n<\/div>\n<div><\/div>\n<div>\n<div>El termini per a la devoluci\u00f3 de l&#8217;import s&#8217;iniciar\u00e0 des del moment d&#8217;anunciar-se la suspensi\u00f3, ajornament o modificaci\u00f3 i finalitzar\u00e0 4 dies despr\u00e9s del fixat per a la celebraci\u00f3 de l&#8217;espectacle o 1 hora abans de l&#8217;inici del mateix en cas de modificaci\u00f3 (Art. 70 RTA).<\/div>\n<div><\/div>\n<div>Si l&#8217;espectacle se suspengu\u00e9s per causes no imputables a l&#8217;empresa o per mal temps, una vegada sortida la primera res al ruedo, l&#8217;espectador no tindr\u00e0 dret a cap devoluci\u00f3 (Art. 70 RTA).<\/div>\n<\/div>\n<\/div>\n<\/div>\n<div class=\"g-cols wpb_row via_grid cols_1 laptops-cols_inherit tablets-cols_inherit mobiles-cols_1 valign_top type_default stacking_default\">\n<div class=\"wpb_column vc_column_container\">\n<div class=\"vc_column-inner\"><\/div>\n<\/div>\n<\/div>\n<\/div><\/div><div class=\"w-separator size_medium\"><\/div><div class=\"w-btn-wrapper align_none\"><a class=\"w-btn us-btn-style_1\" href=\"https:\/\/plazatorosmallorca.com\/ca\/\"><span class=\"w-btn-label\">Tornar a l&#039;inici<\/span><\/a><\/div><\/div><\/div><\/div><\/div><\/section>\n","protected":false},"excerpt":{"rendered":"Data de lliurament: Les entrades s&#8217;enviaran en format PDF al correu electr\u00f2nic 1 setmana abans de la celebraci\u00f3 de l&#8217;esdeveniment. Recomanem revisar la carpeta de correu brossa del correu electr\u00f2nic. Comissions de venda Les entrades tenen una comissi\u00f3 del 10% de comissi\u00f3 de venda que s&#8217;afegeixen a la p\u00e0gina de pagament. Devolucions L&#8217;admissi\u00f3 a la...","protected":false},"author":3,"featured_media":0,"parent":0,"menu_order":0,"comment_status":"closed","ping_status":"closed","template":"","meta":{"footnotes":""},"class_list":["post-3706","page","type-page","status-publish","hentry"],"yoast_head":"<!-- This site is optimized with the Yoast SEO plugin v27.3 - https:\/\/yoast.com\/product\/yoast-seo-wordpress\/ -->\n<title>Data de lliurament i comissions entrades | Toros Mallorca<\/title>\n<meta name=\"description\" content=\"Consulta les dates de lliurament de les entrades per als toros de Mallorca aix\u00ed com les comissions incloses en l&#039;entrada de toros\" \/>\n<meta name=\"robots\" content=\"index, follow, max-snippet:-1, max-image-preview:large, max-video-preview:-1\" \/>\n<link rel=\"canonical\" href=\"https:\/\/plazatorosmallorca.com\/ca\/data-de-lliurament-i-comissions-de-les-entrades\/\" \/>\n<meta property=\"og:locale\" content=\"ca_ES\" \/>\n<meta property=\"og:type\" content=\"article\" \/>\n<meta property=\"og:title\" content=\"Data de lliurament i comissions entrades | Toros Mallorca\" \/>\n<meta property=\"og:description\" content=\"Consulta les dates de lliurament de les entrades per als toros de Mallorca aix\u00ed com les comissions incloses en l&#039;entrada de toros\" \/>\n<meta property=\"og:url\" content=\"https:\/\/plazatorosmallorca.com\/ca\/data-de-lliurament-i-comissions-de-les-entrades\/\" \/>\n<meta property=\"og:site_name\" content=\"Plaza Toros Mallorca\" \/>\n<meta property=\"article:modified_time\" content=\"2026-04-09T15:42:52+00:00\" \/>\n<meta name=\"twitter:card\" content=\"summary_large_image\" \/>\n<meta name=\"twitter:label1\" content=\"Temps estimat de lectura\" \/>\n\t<meta name=\"twitter:data1\" content=\"1 minut\" \/>\n<script type=\"application\/ld+json\" class=\"yoast-schema-graph\">{\"@context\":\"https:\\\/\\\/schema.org\",\"@graph\":[{\"@type\":\"WebPage\",\"@id\":\"https:\\\/\\\/plazatorosmallorca.com\\\/ca\\\/data-de-lliurament-i-comissions-de-les-entrades\\\/\",\"url\":\"https:\\\/\\\/plazatorosmallorca.com\\\/ca\\\/data-de-lliurament-i-comissions-de-les-entrades\\\/\",\"name\":\"Data de lliurament i comissions entrades | Toros Mallorca\",\"isPartOf\":{\"@id\":\"https:\\\/\\\/plazatorosmallorca.com\\\/ca\\\/#website\"},\"datePublished\":\"2026-03-03T14:59:40+00:00\",\"dateModified\":\"2026-04-09T15:42:52+00:00\",\"description\":\"Consulta les dates de lliurament de les entrades per als toros de Mallorca aix\u00ed com les comissions incloses en l'entrada de toros\",\"breadcrumb\":{\"@id\":\"https:\\\/\\\/plazatorosmallorca.com\\\/ca\\\/data-de-lliurament-i-comissions-de-les-entrades\\\/#breadcrumb\"},\"inLanguage\":\"ca\",\"potentialAction\":[{\"@type\":\"ReadAction\",\"target\":[\"https:\\\/\\\/plazatorosmallorca.com\\\/ca\\\/data-de-lliurament-i-comissions-de-les-entrades\\\/\"]}]},{\"@type\":\"BreadcrumbList\",\"@id\":\"https:\\\/\\\/plazatorosmallorca.com\\\/ca\\\/data-de-lliurament-i-comissions-de-les-entrades\\\/#breadcrumb\",\"itemListElement\":[{\"@type\":\"ListItem\",\"position\":1,\"name\":\"Portada\",\"item\":\"https:\\\/\\\/plazatorosmallorca.com\\\/ca\\\/inici\\\/\"},{\"@type\":\"ListItem\",\"position\":2,\"name\":\"Data de lliurament i comissions de les entrades\"}]},{\"@type\":\"WebSite\",\"@id\":\"https:\\\/\\\/plazatorosmallorca.com\\\/ca\\\/#website\",\"url\":\"https:\\\/\\\/plazatorosmallorca.com\\\/ca\\\/\",\"name\":\"Plaza Toros Mallorca\",\"description\":\"Portal de venta de entradas Plazas de toros de Mallorca\",\"potentialAction\":[{\"@type\":\"SearchAction\",\"target\":{\"@type\":\"EntryPoint\",\"urlTemplate\":\"https:\\\/\\\/plazatorosmallorca.com\\\/ca\\\/?s={search_term_string}\"},\"query-input\":{\"@type\":\"PropertyValueSpecification\",\"valueRequired\":true,\"valueName\":\"search_term_string\"}}],\"inLanguage\":\"ca\"}]}<\/script>\n<!-- \/ Yoast SEO plugin. -->","yoast_head_json":{"title":"Data de lliurament i comissions entrades | Toros Mallorca","description":"Consulta les dates de lliurament de les entrades per als toros de Mallorca aix\u00ed com les comissions incloses en l'entrada de toros","robots":{"index":"index","follow":"follow","max-snippet":"max-snippet:-1","max-image-preview":"max-image-preview:large","max-video-preview":"max-video-preview:-1"},"canonical":"https:\/\/plazatorosmallorca.com\/ca\/data-de-lliurament-i-comissions-de-les-entrades\/","og_locale":"ca_ES","og_type":"article","og_title":"Data de lliurament i comissions entrades | Toros Mallorca","og_description":"Consulta les dates de lliurament de les entrades per als toros de Mallorca aix\u00ed com les comissions incloses en l'entrada de toros","og_url":"https:\/\/plazatorosmallorca.com\/ca\/data-de-lliurament-i-comissions-de-les-entrades\/","og_site_name":"Plaza Toros Mallorca","article_modified_time":"2026-04-09T15:42:52+00:00","twitter_card":"summary_large_image","twitter_misc":{"Temps estimat de lectura":"1 minut"},"schema":{"@context":"https:\/\/schema.org","@graph":[{"@type":"WebPage","@id":"https:\/\/plazatorosmallorca.com\/ca\/data-de-lliurament-i-comissions-de-les-entrades\/","url":"https:\/\/plazatorosmallorca.com\/ca\/data-de-lliurament-i-comissions-de-les-entrades\/","name":"Data de lliurament i comissions entrades | Toros Mallorca","isPartOf":{"@id":"https:\/\/plazatorosmallorca.com\/ca\/#website"},"datePublished":"2026-03-03T14:59:40+00:00","dateModified":"2026-04-09T15:42:52+00:00","description":"Consulta les dates de lliurament de les entrades per als toros de Mallorca aix\u00ed com les comissions incloses en l'entrada de toros","breadcrumb":{"@id":"https:\/\/plazatorosmallorca.com\/ca\/data-de-lliurament-i-comissions-de-les-entrades\/#breadcrumb"},"inLanguage":"ca","potentialAction":[{"@type":"ReadAction","target":["https:\/\/plazatorosmallorca.com\/ca\/data-de-lliurament-i-comissions-de-les-entrades\/"]}]},{"@type":"BreadcrumbList","@id":"https:\/\/plazatorosmallorca.com\/ca\/data-de-lliurament-i-comissions-de-les-entrades\/#breadcrumb","itemListElement":[{"@type":"ListItem","position":1,"name":"Portada","item":"https:\/\/plazatorosmallorca.com\/ca\/inici\/"},{"@type":"ListItem","position":2,"name":"Data de lliurament i comissions de les entrades"}]},{"@type":"WebSite","@id":"https:\/\/plazatorosmallorca.com\/ca\/#website","url":"https:\/\/plazatorosmallorca.com\/ca\/","name":"Plaza Toros Mallorca","description":"Portal de venta de entradas Plazas de toros de Mallorca","potentialAction":[{"@type":"SearchAction","target":{"@type":"EntryPoint","urlTemplate":"https:\/\/plazatorosmallorca.com\/ca\/?s={search_term_string}"},"query-input":{"@type":"PropertyValueSpecification","valueRequired":true,"valueName":"search_term_string"}}],"inLanguage":"ca"}]}},"_links":{"self":[{"href":"https:\/\/plazatorosmallorca.com\/ca\/wp-json\/wp\/v2\/pages\/3706","targetHints":{"allow":["GET"]}}],"collection":[{"href":"https:\/\/plazatorosmallorca.com\/ca\/wp-json\/wp\/v2\/pages"}],"about":[{"href":"https:\/\/plazatorosmallorca.com\/ca\/wp-json\/wp\/v2\/types\/page"}],"author":[{"embeddable":true,"href":"https:\/\/plazatorosmallorca.com\/ca\/wp-json\/wp\/v2\/users\/3"}],"replies":[{"embeddable":true,"href":"https:\/\/plazatorosmallorca.com\/ca\/wp-json\/wp\/v2\/comments?post=3706"}],"version-history":[{"count":2,"href":"https:\/\/plazatorosmallorca.com\/ca\/wp-json\/wp\/v2\/pages\/3706\/revisions"}],"predecessor-version":[{"id":3708,"href":"https:\/\/plazatorosmallorca.com\/ca\/wp-json\/wp\/v2\/pages\/3706\/revisions\/3708"}],"wp:attachment":[{"href":"https:\/\/plazatorosmallorca.com\/ca\/wp-json\/wp\/v2\/media?parent=3706"}],"curies":[{"name":"wp","href":"https:\/\/api.w.org\/{rel}","templated":true}]}}